{"id":1290,"date":"2019-09-11T15:54:46","date_gmt":"2019-09-11T13:54:46","guid":{"rendered":"http:\/\/wilhelm-stedler-grundschule.de\/?page_id=1290"},"modified":"2019-11-14T22:51:33","modified_gmt":"2019-11-14T20:51:33","slug":"lesementoren-2","status":"publish","type":"page","link":"http:\/\/wilhelm-stedler-grundschule.de\/?page_id=1290","title":{"rendered":"Lesementoren"},"content":{"rendered":"<p><strong>Warum gibt es Mentor e.V.?<\/strong><a href=\"http:\/\/wilhelm-stedler-grundschule.de\/wp-content\/uploads\/2019\/09\/Logo-MENTOR-Barsinghausen-2019.jpg\"><img decoding=\"async\" loading=\"lazy\" class=\"alignright wp-image-1291 size-thumbnail\" src=\"http:\/\/wilhelm-stedler-grundschule.de\/wp-content\/uploads\/2019\/09\/Logo-MENTOR-Barsinghausen-2019-150x150.jpg\" alt=\"Logo MENTOR Barsinghausen 2019\" width=\"150\" height=\"150\" srcset=\"http:\/\/wilhelm-stedler-grundschule.de\/wp-content\/uploads\/2019\/09\/Logo-MENTOR-Barsinghausen-2019-150x150.jpg 150w, http:\/\/wilhelm-stedler-grundschule.de\/wp-content\/uploads\/2019\/09\/Logo-MENTOR-Barsinghausen-2019-1x1.jpg 1w\" sizes=\"(max-width: 150px) 100vw, 150px\" \/><\/a><\/p>\n<p>Lesen ist eine tolle Sache, wenn man es richtig kann. Leider lesen Kinder und Jugendliche immer weniger. Dabei f\u00f6rdert das Lesen die Fantasie und Sprachkompetenz.<\/p>\n<p>Wenn Sie Lust und ein bisschen Zeit haben, k\u00f6nnen Sie uns unterst\u00fctzen. Unsere Lesehelfer treffen sich einmal in der Woche mit einem Sch\u00fcler zum gemeinsamen Lesen und Sprechen. Dabei werden keine p\u00e4dagogischen Kenntnisse vorausgesetzt. Ziel ist es, die Freude am Lesen weiterzugeben.<\/p>\n<p><strong>Was Sie mitbringen m\u00fcssen?<\/strong><\/p>\n<p>Sie sollten lediglich Spa\u00df am Lesen und Freude im Umgang mit Kindern mitbringen. Wir als Verein k\u00fcmmern uns um alles andere.<\/p>\n<p><strong>Haben wir Ihr Interesse geweckt?<\/strong><\/p>\n<p>Dann sollten Sie bei uns mitmachen. Ob als Mentor, Mitglied oder Sponsor. Jede Hilfe ist uns willkommen und wir garantieren, dass sie da ankommt, wo sie gebraucht wird.<\/p>\n<p><strong>Kontaktieren Sie uns:<\/strong><\/p>\n<p>MENTOR &#8211; Die Lesehelfer Barsinghausen-Schaumburg e.V.<br \/>\nWichmarstra\u00dfe 46a<br \/>\n30890 Barsinghausen<\/p>\n<p>Tel.: 05105-1703<br \/>\ninfo@mentor-barsinghausen-schaumburg.de<br \/>\nwww.mentor-barsinghausen-schaumburg.de<\/p>\n","protected":false},"excerpt":{"rendered":"<p>Warum gibt es Mentor e.V.? Lesen ist eine tolle Sache, wenn man es richtig kann. Leider lesen Kinder und Jugendliche immer weniger. Dabei f\u00f6rdert das Lesen die Fantasie und Sprachkompetenz. Wenn Sie Lust und ein bisschen Zeit haben, k\u00f6nnen Sie uns unterst\u00fctzen. Unsere Lesehelfer treffen sich einmal in der Woche mit einem Sch\u00fcler zum gemeinsamen&#8230;<\/p>\n","protected":false},"author":1,"featured_media":0,"parent":0,"menu_order":0,"comment_status":"closed","ping_status":"closed","template":"","meta":[],"_links":{"self":[{"href":"http:\/\/wilhelm-stedler-grundschule.de\/index.php?rest_route=\/wp\/v2\/pages\/1290"}],"collection":[{"href":"http:\/\/wilhelm-stedler-grundschule.de\/index.php?rest_route=\/wp\/v2\/pages"}],"about":[{"href":"http:\/\/wilhelm-stedler-grundschule.de\/index.php?rest_route=\/wp\/v2\/types\/page"}],"author":[{"embeddable":true,"href":"http:\/\/wilhelm-stedler-grundschule.de\/index.php?rest_route=\/wp\/v2\/users\/1"}],"replies":[{"embeddable":true,"href":"http:\/\/wilhelm-stedler-grundschule.de\/index.php?rest_route=%2Fwp%2Fv2%2Fcomments&post=1290"}],"version-history":[{"count":9,"href":"http:\/\/wilhelm-stedler-grundschule.de\/index.php?rest_route=\/wp\/v2\/pages\/1290\/revisions"}],"predecessor-version":[{"id":1354,"href":"http:\/\/wilhelm-stedler-grundschule.de\/index.php?rest_route=\/wp\/v2\/pages\/1290\/revisions\/1354"}],"wp:attachment":[{"href":"http:\/\/wilhelm-stedler-grundschule.de\/index.php?rest_route=%2Fwp%2Fv2%2Fmedia&parent=1290"}],"curies":[{"name":"wp","href":"https:\/\/api.w.org\/{rel}","templated":true}]}}