{"id":166,"date":"2014-11-10T23:17:50","date_gmt":"2014-11-10T21:17:50","guid":{"rendered":"http:\/\/wilhelm-stedler-grundschule.de\/?page_id=166"},"modified":"2015-09-17T14:51:41","modified_gmt":"2015-09-17T12:51:41","slug":"philipp-und-phillippa","status":"publish","type":"page","link":"http:\/\/wilhelm-stedler-grundschule.de\/?page_id=166","title":{"rendered":"Philipp &#038; Philippa"},"content":{"rendered":"<p style=\"text-align: justify;\"><a href=\"http:\/\/wilhelm-stedler-grundschule.de\/wp-content\/uploads\/2014\/11\/P1010531.jpg\" target=\"_blank\"><img decoding=\"async\" loading=\"lazy\" class=\"alignleft wp-image-198 size-thumbnail\" src=\"http:\/\/wilhelm-stedler-grundschule.de\/wp-content\/uploads\/2014\/11\/P1010531-150x150.jpg\" alt=\"P1010531\" width=\"150\" height=\"150\" srcset=\"http:\/\/wilhelm-stedler-grundschule.de\/wp-content\/uploads\/2014\/11\/P1010531-150x150.jpg 150w, http:\/\/wilhelm-stedler-grundschule.de\/wp-content\/uploads\/2014\/11\/P1010531-1x1.jpg 1w\" sizes=\"(max-width: 150px) 100vw, 150px\" \/><\/a> Seit 2009 unterst\u00fctzt die Wilhelm-Stedler-Schule das soziale Projekt\u00a0 &#8222;Philipp &amp; Philippa&#8220; auf den Philippinen. Das Projekt ist eine Initiative der beiden Geschwister Florian Spitzner und Ruth Pahl, das\u00a0 in den Slums von Davao bislang zw\u00f6lf Kindern einen Schulbesuch, eine annehmbare Ern\u00e4hrung und die medizinische Versorgung erm\u00f6glicht. Unser j\u00e4hrlich angestrebtes Spendenziel von 350 Euro hilft ein Kind in Davao ein Jahr lang zu unterst\u00fctzen.<\/p>\n<p style=\"text-align: justify;\"><strong>\u00a0\u00a0\u00a0\u00a0\u00a0\u00a0\u00a0\u00a0\u00a0\u00a0\u00a0\u00a0\u00a0 <\/strong><\/p>\n<p style=\"text-align: justify;\"><strong>Spendenkonto:<\/strong><\/p>\n<p style=\"text-align: justify;\">Christlicher Missionsverein<br \/>\nVerwendungszweck: Philipp und Philippa<br \/>\nPostbank Hannover<br \/>\nBLZ 250 100 30<br \/>\nKonto: 24 42 03 04<\/p>\n<p style=\"text-align: justify;\">Das Geld kommt ohne Abz\u00fcge von Verwaltungskosten 100% dem Projekt auf den Philippinen zu Gute. Bitte Absender f\u00fcr die Spendenbescheinigung nicht vergessen.<\/p>\n<p style=\"text-align: justify;\">Im Jahr 2000 besuchte Ruth ihren Bruder Florian auf den Philippinen, wo er f\u00fcnf Jahre in Davao lebte und arbeitete. In dieser Zeit lernte er Grace und Jan Tampac kennen, die in den Slums von Davao ein kleines einheimisches Erziehungs- und Gesundheitsprojekt leiten. Sie sind Filipinos, leben wie Stadtsozialarbeiter in den Slums. Unterst\u00fctzt werden sie von einem kleinen Helferteam von meist jungen Leuten, die zum Teil selbst aus Verh\u00e4ltnissen ohne Schulbildung, als Stra\u00dfenkinder oder Prostituierte stammen. Sie setzten sich auf Taschengeldbasis f\u00fcr andere Kinder ein &#8211; vergleichbar mit einem FSJ in Deutschland.<\/p>\n<p style=\"text-align: justify;\">Damit ein Kind alles bekommen kann, was seine Schulbildung ben\u00f6tigt und begleitet, gen\u00fcgen 350 Euro pro Jahr &#8211; das sind weniger als ein Euro pro Tag! Darin enthalten sind: Schulgeld, Schuluniform, Schuhe, Schulsachen und eine ausgewogene warme Mahlzeit pro Tag. Grace ist Krankenschwester k\u00fcmmert sich um den notwendigen medizinischen Teil.\u00a0 H\u00e4ufig sind die Kinder durch Mangelern\u00e4hrung in ihrer Lernf\u00e4higkeit deutlich eingeschr\u00e4nkt und krankheitsanf\u00e4llig. Auch fehlende Impfungen bedeuten ein hohes Risiko (z.B. Tetanus, Kinderl\u00e4hmung). Die Familien der Kinder werden ohne Ansehen ihrer Herkunft, des Famileinstandes oder ihrer Religion gezielt in das Projekt eingebunden. Dadurch kann auch vielen Geschwisterkindern geholfen werden, da sowohl das Ern\u00e4hrungsprogramm und die medizinische Hilfe auch ihnen angeboten werden kann.<\/p>\n","protected":false},"excerpt":{"rendered":"<p>Seit 2009 unterst\u00fctzt die Wilhelm-Stedler-Schule das soziale Projekt\u00a0 &#8222;Philipp &amp; Philippa&#8220; auf den Philippinen. Das Projekt ist eine Initiative der beiden Geschwister Florian Spitzner und Ruth Pahl, das\u00a0 in den Slums von Davao bislang zw\u00f6lf Kindern einen Schulbesuch, eine annehmbare Ern\u00e4hrung und die medizinische Versorgung erm\u00f6glicht. Unser j\u00e4hrlich angestrebtes Spendenziel von 350 Euro hilft ein&#8230;<\/p>\n","protected":false},"author":1,"featured_media":0,"parent":0,"menu_order":0,"comment_status":"closed","ping_status":"closed","template":"","meta":[],"_links":{"self":[{"href":"http:\/\/wilhelm-stedler-grundschule.de\/index.php?rest_route=\/wp\/v2\/pages\/166"}],"collection":[{"href":"http:\/\/wilhelm-stedler-grundschule.de\/index.php?rest_route=\/wp\/v2\/pages"}],"about":[{"href":"http:\/\/wilhelm-stedler-grundschule.de\/index.php?rest_route=\/wp\/v2\/types\/page"}],"author":[{"embeddable":true,"href":"http:\/\/wilhelm-stedler-grundschule.de\/index.php?rest_route=\/wp\/v2\/users\/1"}],"replies":[{"embeddable":true,"href":"http:\/\/wilhelm-stedler-grundschule.de\/index.php?rest_route=%2Fwp%2Fv2%2Fcomments&post=166"}],"version-history":[{"count":8,"href":"http:\/\/wilhelm-stedler-grundschule.de\/index.php?rest_route=\/wp\/v2\/pages\/166\/revisions"}],"predecessor-version":[{"id":484,"href":"http:\/\/wilhelm-stedler-grundschule.de\/index.php?rest_route=\/wp\/v2\/pages\/166\/revisions\/484"}],"wp:attachment":[{"href":"http:\/\/wilhelm-stedler-grundschule.de\/index.php?rest_route=%2Fwp%2Fv2%2Fmedia&parent=166"}],"curies":[{"name":"wp","href":"https:\/\/api.w.org\/{rel}","templated":true}]}}