{"id":1727,"date":"2020-11-11T14:26:10","date_gmt":"2020-11-11T12:26:10","guid":{"rendered":"http:\/\/wilhelm-stedler-grundschule.de\/?page_id=1727"},"modified":"2020-11-12T13:41:40","modified_gmt":"2020-11-12T11:41:40","slug":"neubauplanungen","status":"publish","type":"page","link":"http:\/\/wilhelm-stedler-grundschule.de\/?page_id=1727","title":{"rendered":"Neubauplanungen"},"content":{"rendered":"\n<p>Hinweis: Die folgenden Entw\u00fcrfe haben noch keine Endg\u00fcltigkeit. Wir befinden uns noch in der Planungphase.<\/p>\n\n\n\n<p>Im Schulausschuss&nbsp; beschlossen wurde bis jetzt:<\/p>\n\n\n\n<p>Stand: 22.09.20 <br> <\/p>\n\n\n\n<ul><li>Es wird keine R\u00e4umlichkeiten der Verwaltung im Schulgeb\u00e4ude geben.<\/li><li>Die Schule bekommt eine Dachterasse f\u00fcr einen m\u00f6glichen Schulgarten.<\/li><\/ul>\n\n\n<a href=\"http:\/\/wilhelm-stedler-grundschule.de\/wp-content\/uploads\/2020\/11\/2020_10_26_Vorentwurf_Schulgeb\u00e4ude.pdf\" class=\"pdfemb-viewer\" style=\"\" data-width=\"max\" data-height=\"max\"  data-toolbar=\"bottom\" data-toolbar-fixed=\"off\">2020_10_26_Vorentwurf_Schulgeb\u00e4ude<br\/><\/a>\n<p class=\"wp-block-pdfemb-pdf-embedder-viewer\"><\/p>\n\n\n\n<figure class=\"wp-block-image\"><img decoding=\"async\" loading=\"lazy\" width=\"1024\" height=\"661\" src=\"http:\/\/wilhelm-stedler-grundschule.de\/wp-content\/uploads\/2020\/11\/Unbenannt-1024x661.jpg\" alt=\"\" class=\"wp-image-1733\" srcset=\"http:\/\/wilhelm-stedler-grundschule.de\/wp-content\/uploads\/2020\/11\/Unbenannt-1024x661.jpg 1024w, http:\/\/wilhelm-stedler-grundschule.de\/wp-content\/uploads\/2020\/11\/Unbenannt-300x194.jpg 300w, http:\/\/wilhelm-stedler-grundschule.de\/wp-content\/uploads\/2020\/11\/Unbenannt-768x496.jpg 768w, http:\/\/wilhelm-stedler-grundschule.de\/wp-content\/uploads\/2020\/11\/Unbenannt-2x1.jpg 2w, http:\/\/wilhelm-stedler-grundschule.de\/wp-content\/uploads\/2020\/11\/Unbenannt.jpg 1123w\" sizes=\"(max-width: 1024px) 100vw, 1024px\" \/><figcaption>Au\u00dfengel\u00e4nde<\/figcaption><\/figure>\n","protected":false},"excerpt":{"rendered":"<p>Hinweis: Die folgenden Entw\u00fcrfe haben noch keine Endg\u00fcltigkeit. Wir befinden uns noch in der Planungphase. Im Schulausschuss&nbsp; beschlossen wurde bis jetzt: Stand: 22.09.20 Es wird keine R\u00e4umlichkeiten der Verwaltung im Schulgeb\u00e4ude geben. Die Schule bekommt eine Dachterasse f\u00fcr einen m\u00f6glichen Schulgarten.<\/p>\n","protected":false},"author":1,"featured_media":0,"parent":0,"menu_order":0,"comment_status":"closed","ping_status":"closed","template":"","meta":[],"_links":{"self":[{"href":"http:\/\/wilhelm-stedler-grundschule.de\/index.php?rest_route=\/wp\/v2\/pages\/1727"}],"collection":[{"href":"http:\/\/wilhelm-stedler-grundschule.de\/index.php?rest_route=\/wp\/v2\/pages"}],"about":[{"href":"http:\/\/wilhelm-stedler-grundschule.de\/index.php?rest_route=\/wp\/v2\/types\/page"}],"author":[{"embeddable":true,"href":"http:\/\/wilhelm-stedler-grundschule.de\/index.php?rest_route=\/wp\/v2\/users\/1"}],"replies":[{"embeddable":true,"href":"http:\/\/wilhelm-stedler-grundschule.de\/index.php?rest_route=%2Fwp%2Fv2%2Fcomments&post=1727"}],"version-history":[{"count":6,"href":"http:\/\/wilhelm-stedler-grundschule.de\/index.php?rest_route=\/wp\/v2\/pages\/1727\/revisions"}],"predecessor-version":[{"id":1741,"href":"http:\/\/wilhelm-stedler-grundschule.de\/index.php?rest_route=\/wp\/v2\/pages\/1727\/revisions\/1741"}],"wp:attachment":[{"href":"http:\/\/wilhelm-stedler-grundschule.de\/index.php?rest_route=%2Fwp%2Fv2%2Fmedia&parent=1727"}],"curies":[{"name":"wp","href":"https:\/\/api.w.org\/{rel}","templated":true}]}}