{"id":2261,"date":"2025-03-25T16:28:54","date_gmt":"2025-03-25T14:28:54","guid":{"rendered":"http:\/\/wilhelm-stedler-grundschule.de\/?page_id=2261"},"modified":"2025-03-25T16:28:54","modified_gmt":"2025-03-25T14:28:54","slug":"skipping-hearts-seilspringen-macht-schule","status":"publish","type":"page","link":"http:\/\/wilhelm-stedler-grundschule.de\/?page_id=2261","title":{"rendered":"Skipping Hearts &#8211; Seilspringen macht Schule"},"content":{"rendered":"\n<p>Das Projekt der Deutschen Herzstiftung setzt sich f\u00fcr mehr Bewegung und ein gesunden Lebensstil ein. (Das Projekt unterteilt sich in f\u00fcnf Phasen: Kennlernen &#8211; \u00dcben &#8211; Einstudieren &#8211; Vorf\u00fchrung-Reflexion) Drei\u00dfig Sch\u00fclerinnen und Sch\u00fcler des 4. Jahrgangs lernten acht verschiedene Sprungtechniken kennen, \u00fcbten sich in Spr\u00fcngen in Zweier- &amp; Dreiergruppen und studierten eine erfolgreiche Vorf\u00fchrung ein. Im Anschluss erhielt jeder einen Skippen Hearts Pass, um seine rope skipping K\u00fcnste weiter zu trainieren.<\/p>\n\n\n\n<figure class=\"wp-block-image size-large\"><a href=\"http:\/\/wilhelm-stedler-grundschule.de\/wp-content\/uploads\/2025\/03\/IMG_0982-scaled.jpg\"><img decoding=\"async\" loading=\"lazy\" width=\"1024\" height=\"768\" src=\"http:\/\/wilhelm-stedler-grundschule.de\/wp-content\/uploads\/2025\/03\/IMG_0982-1024x768.jpg\" alt=\"\" class=\"wp-image-2262\" srcset=\"http:\/\/wilhelm-stedler-grundschule.de\/wp-content\/uploads\/2025\/03\/IMG_0982-1024x768.jpg 1024w, http:\/\/wilhelm-stedler-grundschule.de\/wp-content\/uploads\/2025\/03\/IMG_0982-300x225.jpg 300w, http:\/\/wilhelm-stedler-grundschule.de\/wp-content\/uploads\/2025\/03\/IMG_0982-768x576.jpg 768w, http:\/\/wilhelm-stedler-grundschule.de\/wp-content\/uploads\/2025\/03\/IMG_0982-1536x1152.jpg 1536w, http:\/\/wilhelm-stedler-grundschule.de\/wp-content\/uploads\/2025\/03\/IMG_0982-2048x1536.jpg 2048w, http:\/\/wilhelm-stedler-grundschule.de\/wp-content\/uploads\/2025\/03\/IMG_0982-1x1.jpg 1w\" sizes=\"(max-width: 1024px) 100vw, 1024px\" \/><\/a><\/figure>\n\n\n\n<figure class=\"wp-block-image size-large\"><a href=\"http:\/\/wilhelm-stedler-grundschule.de\/wp-content\/uploads\/2025\/03\/IMG_0963-scaled.jpg\"><img decoding=\"async\" loading=\"lazy\" width=\"1024\" height=\"768\" src=\"http:\/\/wilhelm-stedler-grundschule.de\/wp-content\/uploads\/2025\/03\/IMG_0963-1024x768.jpg\" alt=\"\" class=\"wp-image-2264\" srcset=\"http:\/\/wilhelm-stedler-grundschule.de\/wp-content\/uploads\/2025\/03\/IMG_0963-1024x768.jpg 1024w, http:\/\/wilhelm-stedler-grundschule.de\/wp-content\/uploads\/2025\/03\/IMG_0963-300x225.jpg 300w, http:\/\/wilhelm-stedler-grundschule.de\/wp-content\/uploads\/2025\/03\/IMG_0963-768x576.jpg 768w, http:\/\/wilhelm-stedler-grundschule.de\/wp-content\/uploads\/2025\/03\/IMG_0963-1536x1152.jpg 1536w, http:\/\/wilhelm-stedler-grundschule.de\/wp-content\/uploads\/2025\/03\/IMG_0963-2048x1536.jpg 2048w, http:\/\/wilhelm-stedler-grundschule.de\/wp-content\/uploads\/2025\/03\/IMG_0963-1x1.jpg 1w\" sizes=\"(max-width: 1024px) 100vw, 1024px\" \/><\/a><\/figure>\n","protected":false},"excerpt":{"rendered":"<p>Das Projekt der Deutschen Herzstiftung setzt sich f\u00fcr mehr Bewegung und ein gesunden Lebensstil ein. (Das Projekt unterteilt sich in f\u00fcnf Phasen: Kennlernen &#8211; \u00dcben &#8211; Einstudieren &#8211; Vorf\u00fchrung-Reflexion) Drei\u00dfig Sch\u00fclerinnen und Sch\u00fcler des 4. Jahrgangs lernten acht verschiedene Sprungtechniken kennen, \u00fcbten sich in Spr\u00fcngen in Zweier- &amp; Dreiergruppen und studierten eine erfolgreiche Vorf\u00fchrung ein&#8230;.<\/p>\n","protected":false},"author":1,"featured_media":0,"parent":0,"menu_order":0,"comment_status":"closed","ping_status":"closed","template":"","meta":[],"_links":{"self":[{"href":"http:\/\/wilhelm-stedler-grundschule.de\/index.php?rest_route=\/wp\/v2\/pages\/2261"}],"collection":[{"href":"http:\/\/wilhelm-stedler-grundschule.de\/index.php?rest_route=\/wp\/v2\/pages"}],"about":[{"href":"http:\/\/wilhelm-stedler-grundschule.de\/index.php?rest_route=\/wp\/v2\/types\/page"}],"author":[{"embeddable":true,"href":"http:\/\/wilhelm-stedler-grundschule.de\/index.php?rest_route=\/wp\/v2\/users\/1"}],"replies":[{"embeddable":true,"href":"http:\/\/wilhelm-stedler-grundschule.de\/index.php?rest_route=%2Fwp%2Fv2%2Fcomments&post=2261"}],"version-history":[{"count":1,"href":"http:\/\/wilhelm-stedler-grundschule.de\/index.php?rest_route=\/wp\/v2\/pages\/2261\/revisions"}],"predecessor-version":[{"id":2265,"href":"http:\/\/wilhelm-stedler-grundschule.de\/index.php?rest_route=\/wp\/v2\/pages\/2261\/revisions\/2265"}],"wp:attachment":[{"href":"http:\/\/wilhelm-stedler-grundschule.de\/index.php?rest_route=%2Fwp%2Fv2%2Fmedia&parent=2261"}],"curies":[{"name":"wp","href":"https:\/\/api.w.org\/{rel}","templated":true}]}}