{"id":309,"date":"2005-12-04T11:10:57","date_gmt":"2005-12-04T09:10:57","guid":{"rendered":"http:\/\/wilhelm-stedler-grundschule.de\/?page_id=309"},"modified":"2026-04-28T21:32:48","modified_gmt":"2026-04-28T19:32:48","slug":"foerderverein","status":"publish","type":"page","link":"http:\/\/wilhelm-stedler-grundschule.de\/?page_id=309","title":{"rendered":"F\u00f6rderverein"},"content":{"rendered":"<p>Liebe Eltern,<br \/>\nseit 1995 f\u00f6rdern wir als gemeinn\u00fctziger Verein die Bildung der Kinder der Wilhelm-Stedler-Schule<br \/>\nund gestalten das Schulleben mit, weil die \u00f6ffentlichen Mittel knapp sind.<br \/>\nWir helfen u.a. mit folgenden Projekten:<br \/>\n&#8211; Kauf der Schul-T-Shirts f\u00fcr alle Lernanf\u00e4nger zur Einschulung<br \/>\n&#8211; Finanzierung des Schulfr\u00fchst\u00fccks<br \/>\n&#8211; Anschaffung der Schul-Laptops<br \/>\n&#8211; Finanzierung der Handball-AG (ab der 2. Klasse)<br \/>\n&#8211; Zusch\u00fcsse zu diversen Ausfl\u00fcgen:<br \/>\n&#8211; Deister Freilichtb\u00fchne<br \/>\n&#8211; Theater am Spalterhals<br \/>\n&#8211; Zoo Hannover<br \/>\n&#8211; u.v.m.<br \/>\nDamit der F\u00f6rderverein auch weiterhin viele Projekte umsetzen kann, ben\u00f6tigen wir Ihre<br \/>\nHilfe, damit auch ihre Kinder eine sch\u00f6ne Grundschulzeit haben!<br \/>\nSie k\u00f6nnen sich unserer Gemeinschaft anschlie\u00dfen und F\u00f6rderer der Kinder der Wilhelm\u2010Stedler\u2010<br \/>\nSchule werden. Sie k\u00f6nnen uns auch gern aktiv bei unseren Projekten unterst\u00fctzen.<\/p>\n<p>Unsere Arbeit funktioniert haupts\u00e4chlich durch die Mitgliedsbeitr\u00e4ge (15,- \u20ac \/ Jahr) und freiwillige<br \/>\nSpenden (steuerlich absetzbar!).<br \/>\nF\u00fcllen Sie die beigef\u00fcgte Beitrittserkl\u00e4rung aus und unterst\u00fctzen Sie uns!<br \/>\nIm Namen des F\u00f6rdervereins begr\u00fc\u00dfe ich ihr Kind herzlichst an der Wilhelm-Stedler-Schule!<br \/>\nNils Kotow (Vorsitzender des Vorstands)<\/p>\n<p>Kontakt:<\/p>\n<p>Kontakt:<br \/>\nF\u00f6rderverein der Wilhelm\u2010Stedler\u2010Schule e.V.<br \/>\nSchulstra\u00dfe 5<br \/>\n30890 Barsinghausen<\/p>\n<p><b>foerderverein.barsinghausen@wss-iserv.de<\/b><\/p>\n<p>Ansprechpartner (Vorstand):<br \/>\nNils Kotow (Vorsitzender)<br \/>\nYork Wendorff (Stv. Vorsitzender)<br \/>\nBen Quinkenstein (Schriftf\u00fchrer)<br \/>\nMartin Altem\u00f6ller (Kassenwart)<br \/>\nKathrin Flade (Mitglied des Lehrk\u00f6rpers)<\/p>\n<p>Damit dies auch alles weiterhin m\u00f6glich ist, freut sich der F\u00f6rderverein \u00fcber zahlreiche aktive und passive Unterst\u00fctzung, die allen Kindern der Wilhelm-Stedler-Schule zugute kommt.<\/p>\n<p><span style=\"color: #ff0000;\">Mit einem Mitgliedbeitrag von 15 Euro im Jahr und\/oder steuerlich absetzbaren Spenden l\u00e4sst sich eine tolle Unterst\u00fctzung der Schule realisieren. <\/span><span style=\"color: #000000;\">Formulare erhalten Sie im Sekretariat, \u00fcber die Klassenlehrer oder gleich hier auf der Seite.\u00a0<\/span><\/p>\n<p><a href=\"http:\/\/wilhelm-stedler-grundschule.de\/wp-content\/uploads\/2005\/12\/Beitrittserkl\u00e4rung_WSS.doc\">Beitrittserkl\u00e4rung<\/a><\/p>\n<p>F\u00f6rdern auch Sie im Sinne Ihres Kindes unsere Arbeit!<\/p>\n","protected":false},"excerpt":{"rendered":"<p>Liebe Eltern, seit 1995 f\u00f6rdern wir als gemeinn\u00fctziger Verein die Bildung der Kinder der Wilhelm-Stedler-Schule und gestalten das Schulleben mit, weil die \u00f6ffentlichen Mittel knapp sind. Wir helfen u.a. mit folgenden Projekten: &#8211; Kauf der Schul-T-Shirts f\u00fcr alle Lernanf\u00e4nger zur Einschulung &#8211; Finanzierung des Schulfr\u00fchst\u00fccks &#8211; Anschaffung der Schul-Laptops &#8211; Finanzierung der Handball-AG (ab der&#8230;<\/p>\n","protected":false},"author":1,"featured_media":0,"parent":0,"menu_order":0,"comment_status":"closed","ping_status":"closed","template":"","meta":[],"_links":{"self":[{"href":"http:\/\/wilhelm-stedler-grundschule.de\/index.php?rest_route=\/wp\/v2\/pages\/309"}],"collection":[{"href":"http:\/\/wilhelm-stedler-grundschule.de\/index.php?rest_route=\/wp\/v2\/pages"}],"about":[{"href":"http:\/\/wilhelm-stedler-grundschule.de\/index.php?rest_route=\/wp\/v2\/types\/page"}],"author":[{"embeddable":true,"href":"http:\/\/wilhelm-stedler-grundschule.de\/index.php?rest_route=\/wp\/v2\/users\/1"}],"replies":[{"embeddable":true,"href":"http:\/\/wilhelm-stedler-grundschule.de\/index.php?rest_route=%2Fwp%2Fv2%2Fcomments&post=309"}],"version-history":[{"count":21,"href":"http:\/\/wilhelm-stedler-grundschule.de\/index.php?rest_route=\/wp\/v2\/pages\/309\/revisions"}],"predecessor-version":[{"id":2301,"href":"http:\/\/wilhelm-stedler-grundschule.de\/index.php?rest_route=\/wp\/v2\/pages\/309\/revisions\/2301"}],"wp:attachment":[{"href":"http:\/\/wilhelm-stedler-grundschule.de\/index.php?rest_route=%2Fwp%2Fv2%2Fmedia&parent=309"}],"curies":[{"name":"wp","href":"https:\/\/api.w.org\/{rel}","templated":true}]}}