{"id":547,"date":"2015-10-12T08:03:44","date_gmt":"2015-10-12T06:03:44","guid":{"rendered":"http:\/\/wilhelm-stedler-grundschule.de\/?page_id=547"},"modified":"2015-10-15T10:45:31","modified_gmt":"2015-10-15T08:45:31","slug":"extreme-witterungsverhaeltnisse","status":"publish","type":"page","link":"http:\/\/wilhelm-stedler-grundschule.de\/?page_id=547","title":{"rendered":"Extreme Witterungsverh\u00e4ltnisse"},"content":{"rendered":"<p>Sehr geehrte Eltern und Erziehungsberechtigte!<\/p>\n<p>Extreme Witterungsverh\u00e4ltnisse k\u00f6nnen zur Folge haben, dass Sch\u00fcler die<br \/>\nSchule nicht erreichen k\u00f6nnen, weil die Zur\u00fccklegung des Schulweges eine<br \/>\nGef\u00e4hrdung darstellen w\u00fcrde.<br \/>\nDie Entscheidung dar\u00fcber, ob bei solchen Witterungsverh\u00e4ltnissen der<br \/>\nUnterricht f\u00fcr einen oder mehrere Tage ausfallen muss, trifft die Region<br \/>\nHannover. Die Entscheidung wird so fr\u00fch wie m\u00f6glich \u00fcber die Medien (Rundfunk,<br \/>\nFernsehen, Internet: www.vmz-niedersachsen.de) bekanntgegeben. Kinder, die<br \/>\ntrotz des Unterrichtsausfalls zur Schule kommen, werden von den Lehrkr\u00e4ften<br \/>\nbeaufsichtigt.<br \/>\nEltern, die eine unzumutbare Gef\u00e4hrdung auf dem Schulweg durch extreme<br \/>\nWitterungsverh\u00e4ltnisse bef\u00fcrchten, k\u00f6nnen ihre Kinder auch dann f\u00fcr einen Tag<br \/>\nzu Hause behalten oder vorzeitig vom Unterricht abholen, wenn kein<br \/>\nUnterrichtsausfall angeordnet ist (in diesem Fall ben\u00f6tigen wir eine schriftliche<br \/>\nEntschuldigung).<\/p>\n","protected":false},"excerpt":{"rendered":"<p>Sehr geehrte Eltern und Erziehungsberechtigte! Extreme Witterungsverh\u00e4ltnisse k\u00f6nnen zur Folge haben, dass Sch\u00fcler die Schule nicht erreichen k\u00f6nnen, weil die Zur\u00fccklegung des Schulweges eine Gef\u00e4hrdung darstellen w\u00fcrde. Die Entscheidung dar\u00fcber, ob bei solchen Witterungsverh\u00e4ltnissen der Unterricht f\u00fcr einen oder mehrere Tage ausfallen muss, trifft die Region Hannover. Die Entscheidung wird so fr\u00fch wie m\u00f6glich \u00fcber&#8230;<\/p>\n","protected":false},"author":1,"featured_media":0,"parent":0,"menu_order":0,"comment_status":"closed","ping_status":"closed","template":"","meta":[],"_links":{"self":[{"href":"http:\/\/wilhelm-stedler-grundschule.de\/index.php?rest_route=\/wp\/v2\/pages\/547"}],"collection":[{"href":"http:\/\/wilhelm-stedler-grundschule.de\/index.php?rest_route=\/wp\/v2\/pages"}],"about":[{"href":"http:\/\/wilhelm-stedler-grundschule.de\/index.php?rest_route=\/wp\/v2\/types\/page"}],"author":[{"embeddable":true,"href":"http:\/\/wilhelm-stedler-grundschule.de\/index.php?rest_route=\/wp\/v2\/users\/1"}],"replies":[{"embeddable":true,"href":"http:\/\/wilhelm-stedler-grundschule.de\/index.php?rest_route=%2Fwp%2Fv2%2Fcomments&post=547"}],"version-history":[{"count":6,"href":"http:\/\/wilhelm-stedler-grundschule.de\/index.php?rest_route=\/wp\/v2\/pages\/547\/revisions"}],"predecessor-version":[{"id":577,"href":"http:\/\/wilhelm-stedler-grundschule.de\/index.php?rest_route=\/wp\/v2\/pages\/547\/revisions\/577"}],"wp:attachment":[{"href":"http:\/\/wilhelm-stedler-grundschule.de\/index.php?rest_route=%2Fwp%2Fv2%2Fmedia&parent=547"}],"curies":[{"name":"wp","href":"https:\/\/api.w.org\/{rel}","templated":true}]}}