{"id":824,"date":"2017-02-20T17:32:25","date_gmt":"2017-02-20T15:32:25","guid":{"rendered":"http:\/\/wilhelm-stedler-grundschule.de\/?page_id=824"},"modified":"2017-02-20T17:32:25","modified_gmt":"2017-02-20T15:32:25","slug":"geschichte-der-wilhelm-stedler-schule","status":"publish","type":"page","link":"http:\/\/wilhelm-stedler-grundschule.de\/?page_id=824","title":{"rendered":"Geschichte der Wilhelm-Stedler-Schule"},"content":{"rendered":"<h3><strong>Wilhelm Stedler &#8211; Der Namensgeber unserer Schule<\/strong><\/h3>\n<p>Georg Friedrich Wilhelm Stedler wurde im Jahre 1829 in Hohenbostel geboren. Er lebte sp\u00e4ter in Barsinghausen und starb dort im Jahre 1895.<br \/>\nVon 1866 bis 1891 war Wilhelm Stedler Rechnungspr\u00fcfer (Rendant) bei der &#8222;Gemeindesparkasse Barsinghausen&#8220;.<br \/>\nStedler, der wie sein Vater und sein Schwiegervater (Rektor Alpers) Lehrer war, unterrichtete an vielen Orten, bevor er nach Barsinghausen kam. Im Jahre 1868 wurde er Rektor an der hiesigen Schule.<br \/>\nDa Wilhelm Stedler als Rektor eine Schulchronik schreiben musste, entstand im Laufe der Zeit das Werk &#8222;Beitr\u00e4ge zur Geschichte des F\u00fcrstentums Kalenberg&#8220;. Dieses Werk erschien in drei Heften von 1886 bis 1889.<\/p>\n<h3><strong>Schulgeb\u00e4ude in Barsinghausen<\/strong><\/h3>\n<p>Im Jahre 2004 feierte das heutige Geb\u00e4ude der Wilhelm-Stedler-Schule sein 50j\u00e4hriges Bestehen.<br \/>\nVor 1945 und auch noch nach dem zweiten Weltkrieg fand in Altbarsinghausen Unterricht in vielen Geb\u00e4uden statt:<br \/>\nAn der heutigen Kirchstra\u00dfe stand das Rektorhaus (siehe Bild). In diesem Geb\u00e4ude befand sich sowohl die Wohnung des Rektors als auch ein Unterrichtsraum. Auch im gegen\u00fcberliegenden Gemeindehaus wurde unterrichtet. Weitere R\u00e4ume standen im heutigen Jugendzentrum zur Verf\u00fcgung. Unterrichtet wurde auch in den R\u00e4umlichkeiten in der vorderen Langenkampstra\u00dfe. Das gr\u00f6\u00dfste Geb\u00e4ude, das die Volksschule nutzen konnte, befindet sich noch heute in der Schulstra\u00dfe (Bert-Brecht-Schule).<br \/>\n<a href=\"http:\/\/wilhelm-stedler-grundschule.de\/wp-content\/uploads\/2017\/02\/Scan.BMP.jpg\"><img decoding=\"async\" loading=\"lazy\" src=\"http:\/\/wilhelm-stedler-grundschule.de\/wp-content\/uploads\/2017\/02\/Scan.BMP-1024x744.jpg\" alt=\"Scan.BMP\" width=\"654\" height=\"475\" class=\"alignleft size-large wp-image-826\" srcset=\"http:\/\/wilhelm-stedler-grundschule.de\/wp-content\/uploads\/2017\/02\/Scan.BMP-1024x744.jpg 1024w, http:\/\/wilhelm-stedler-grundschule.de\/wp-content\/uploads\/2017\/02\/Scan.BMP-300x218.jpg 300w, http:\/\/wilhelm-stedler-grundschule.de\/wp-content\/uploads\/2017\/02\/Scan.BMP-1x1.jpg 1w\" sizes=\"(max-width: 654px) 100vw, 654px\" \/><\/a><\/p>\n","protected":false},"excerpt":{"rendered":"<p>Wilhelm Stedler &#8211; Der Namensgeber unserer Schule Georg Friedrich Wilhelm Stedler wurde im Jahre 1829 in Hohenbostel geboren. Er lebte sp\u00e4ter in Barsinghausen und starb dort im Jahre 1895. Von 1866 bis 1891 war Wilhelm Stedler Rechnungspr\u00fcfer (Rendant) bei der &#8222;Gemeindesparkasse Barsinghausen&#8220;. Stedler, der wie sein Vater und sein Schwiegervater (Rektor Alpers) Lehrer war, unterrichtete&#8230;<\/p>\n","protected":false},"author":1,"featured_media":0,"parent":0,"menu_order":0,"comment_status":"closed","ping_status":"closed","template":"","meta":[],"_links":{"self":[{"href":"http:\/\/wilhelm-stedler-grundschule.de\/index.php?rest_route=\/wp\/v2\/pages\/824"}],"collection":[{"href":"http:\/\/wilhelm-stedler-grundschule.de\/index.php?rest_route=\/wp\/v2\/pages"}],"about":[{"href":"http:\/\/wilhelm-stedler-grundschule.de\/index.php?rest_route=\/wp\/v2\/types\/page"}],"author":[{"embeddable":true,"href":"http:\/\/wilhelm-stedler-grundschule.de\/index.php?rest_route=\/wp\/v2\/users\/1"}],"replies":[{"embeddable":true,"href":"http:\/\/wilhelm-stedler-grundschule.de\/index.php?rest_route=%2Fwp%2Fv2%2Fcomments&post=824"}],"version-history":[{"count":2,"href":"http:\/\/wilhelm-stedler-grundschule.de\/index.php?rest_route=\/wp\/v2\/pages\/824\/revisions"}],"predecessor-version":[{"id":827,"href":"http:\/\/wilhelm-stedler-grundschule.de\/index.php?rest_route=\/wp\/v2\/pages\/824\/revisions\/827"}],"wp:attachment":[{"href":"http:\/\/wilhelm-stedler-grundschule.de\/index.php?rest_route=%2Fwp%2Fv2%2Fmedia&parent=824"}],"curies":[{"name":"wp","href":"https:\/\/api.w.org\/{rel}","templated":true}]}}