{"id":861,"date":"2017-05-23T10:37:41","date_gmt":"2017-05-23T08:37:41","guid":{"rendered":"http:\/\/wilhelm-stedler-grundschule.de\/?page_id=861"},"modified":"2023-04-04T23:03:00","modified_gmt":"2023-04-04T21:03:00","slug":"ostereiersuche","status":"publish","type":"page","link":"http:\/\/wilhelm-stedler-grundschule.de\/?page_id=861","title":{"rendered":"Ostereiersuche"},"content":{"rendered":"<p><strong>Ostereiersuche<\/strong><\/p>\n<p>Am letzten Donnerstag vor den Osterferien fand auch dieses Jahr auf dem Schulhof eine gro\u00dfe Ostereiersuche statt. Alle Kinder unserer Schule haben mitgemacht und hatten viel Spa\u00df dabei.<\/p>\n<p>Zu Beginn der 2. Stunde haben die Kinder des Sch\u00fclerrates \u00fcber 1000 Schokoladeneier versteckt. Es hat ihnen Spa\u00df gemacht, die anderen Kinder mit der Ostereiersuche zu \u00fcberraschen und die Eier zu verstecken.<\/p>\n<p>Die anderen Kinder waren sehr \u00fcberrascht, als sie von dem Sch\u00fclerrat zur Ostereiersuche auf den Schulhof geholt wurden.\u00a0 Alle freuten sich und haben mitgemacht. Selbst die Lehrerinnen hatten Spa\u00df und freuten sich \u00fcber die vielen Eier in den Klassenk\u00f6rbchen.<\/p>\n<p>Nachdem alle Eier gefunden waren, wurden sie von den Lehrerinnen gerecht aufgeteilt.<\/p>\n<p>Leider war die Suche viel zu schnell vorbei.<\/p>\n<p><a href=\"http:\/\/wilhelm-stedler-grundschule.de\/wp-content\/uploads\/2023\/03\/fd64e0cc-c9d4-4429-a492-88ea4b60dc5b.jpg\"><img decoding=\"async\" loading=\"lazy\" class=\"alignleft size-large wp-image-2044\" src=\"http:\/\/wilhelm-stedler-grundschule.de\/wp-content\/uploads\/2023\/03\/fd64e0cc-c9d4-4429-a492-88ea4b60dc5b-768x1024.jpg\" alt=\"\" width=\"654\" height=\"872\" srcset=\"http:\/\/wilhelm-stedler-grundschule.de\/wp-content\/uploads\/2023\/03\/fd64e0cc-c9d4-4429-a492-88ea4b60dc5b.jpg 768w, http:\/\/wilhelm-stedler-grundschule.de\/wp-content\/uploads\/2023\/03\/fd64e0cc-c9d4-4429-a492-88ea4b60dc5b-225x300.jpg 225w, http:\/\/wilhelm-stedler-grundschule.de\/wp-content\/uploads\/2023\/03\/fd64e0cc-c9d4-4429-a492-88ea4b60dc5b-1x1.jpg 1w\" sizes=\"(max-width: 654px) 100vw, 654px\" \/><\/a> <a href=\"http:\/\/wilhelm-stedler-grundschule.de\/wp-content\/uploads\/2023\/03\/f344113b-99f1-4bcf-9b51-c3b84362ed7f.jpg\"><img decoding=\"async\" loading=\"lazy\" class=\"alignleft size-large wp-image-2043\" src=\"http:\/\/wilhelm-stedler-grundschule.de\/wp-content\/uploads\/2023\/03\/f344113b-99f1-4bcf-9b51-c3b84362ed7f-768x1024.jpg\" alt=\"\" width=\"654\" height=\"872\" srcset=\"http:\/\/wilhelm-stedler-grundschule.de\/wp-content\/uploads\/2023\/03\/f344113b-99f1-4bcf-9b51-c3b84362ed7f.jpg 768w, http:\/\/wilhelm-stedler-grundschule.de\/wp-content\/uploads\/2023\/03\/f344113b-99f1-4bcf-9b51-c3b84362ed7f-225x300.jpg 225w, http:\/\/wilhelm-stedler-grundschule.de\/wp-content\/uploads\/2023\/03\/f344113b-99f1-4bcf-9b51-c3b84362ed7f-1x1.jpg 1w\" sizes=\"(max-width: 654px) 100vw, 654px\" \/><\/a> <a href=\"http:\/\/wilhelm-stedler-grundschule.de\/wp-content\/uploads\/2023\/03\/f7b976f9-74a0-433d-afdc-6ed8f78f92bf.jpg\"><img decoding=\"async\" loading=\"lazy\" class=\"alignleft size-large wp-image-2042\" src=\"http:\/\/wilhelm-stedler-grundschule.de\/wp-content\/uploads\/2023\/03\/f7b976f9-74a0-433d-afdc-6ed8f78f92bf-768x1024.jpg\" alt=\"\" width=\"654\" height=\"872\" srcset=\"http:\/\/wilhelm-stedler-grundschule.de\/wp-content\/uploads\/2023\/03\/f7b976f9-74a0-433d-afdc-6ed8f78f92bf-768x1024.jpg 768w, http:\/\/wilhelm-stedler-grundschule.de\/wp-content\/uploads\/2023\/03\/f7b976f9-74a0-433d-afdc-6ed8f78f92bf-225x300.jpg 225w, http:\/\/wilhelm-stedler-grundschule.de\/wp-content\/uploads\/2023\/03\/f7b976f9-74a0-433d-afdc-6ed8f78f92bf-1x1.jpg 1w, http:\/\/wilhelm-stedler-grundschule.de\/wp-content\/uploads\/2023\/03\/f7b976f9-74a0-433d-afdc-6ed8f78f92bf.jpg 1512w\" sizes=\"(max-width: 654px) 100vw, 654px\" \/><\/a> <a href=\"http:\/\/wilhelm-stedler-grundschule.de\/wp-content\/uploads\/2023\/03\/f3e4fba2-5be0-4801-ade0-2301a451b635.jpg\"><img decoding=\"async\" loading=\"lazy\" class=\"alignleft size-large wp-image-2041\" src=\"http:\/\/wilhelm-stedler-grundschule.de\/wp-content\/uploads\/2023\/03\/f3e4fba2-5be0-4801-ade0-2301a451b635-1024x768.jpg\" alt=\"\" width=\"654\" height=\"491\" srcset=\"http:\/\/wilhelm-stedler-grundschule.de\/wp-content\/uploads\/2023\/03\/f3e4fba2-5be0-4801-ade0-2301a451b635-1024x768.jpg 1024w, http:\/\/wilhelm-stedler-grundschule.de\/wp-content\/uploads\/2023\/03\/f3e4fba2-5be0-4801-ade0-2301a451b635-300x225.jpg 300w, http:\/\/wilhelm-stedler-grundschule.de\/wp-content\/uploads\/2023\/03\/f3e4fba2-5be0-4801-ade0-2301a451b635-768x576.jpg 768w, http:\/\/wilhelm-stedler-grundschule.de\/wp-content\/uploads\/2023\/03\/f3e4fba2-5be0-4801-ade0-2301a451b635-1x1.jpg 1w, http:\/\/wilhelm-stedler-grundschule.de\/wp-content\/uploads\/2023\/03\/f3e4fba2-5be0-4801-ade0-2301a451b635.jpg 2016w\" sizes=\"(max-width: 654px) 100vw, 654px\" \/><\/a> <a href=\"http:\/\/wilhelm-stedler-grundschule.de\/wp-content\/uploads\/2023\/03\/16477e92-d362-4c38-ae9a-d0a937d777dc.jpg\"><img decoding=\"async\" loading=\"lazy\" class=\"alignleft size-large wp-image-2040\" src=\"http:\/\/wilhelm-stedler-grundschule.de\/wp-content\/uploads\/2023\/03\/16477e92-d362-4c38-ae9a-d0a937d777dc-768x1024.jpg\" alt=\"\" width=\"654\" height=\"872\" srcset=\"http:\/\/wilhelm-stedler-grundschule.de\/wp-content\/uploads\/2023\/03\/16477e92-d362-4c38-ae9a-d0a937d777dc-768x1024.jpg 768w, http:\/\/wilhelm-stedler-grundschule.de\/wp-content\/uploads\/2023\/03\/16477e92-d362-4c38-ae9a-d0a937d777dc-225x300.jpg 225w, http:\/\/wilhelm-stedler-grundschule.de\/wp-content\/uploads\/2023\/03\/16477e92-d362-4c38-ae9a-d0a937d777dc-1x1.jpg 1w, http:\/\/wilhelm-stedler-grundschule.de\/wp-content\/uploads\/2023\/03\/16477e92-d362-4c38-ae9a-d0a937d777dc.jpg 1512w\" sizes=\"(max-width: 654px) 100vw, 654px\" \/><\/a> <a href=\"http:\/\/wilhelm-stedler-grundschule.de\/wp-content\/uploads\/2023\/03\/93a8fe88-3679-4452-94f1-cea4da6957c3.jpg\"><img decoding=\"async\" loading=\"lazy\" class=\"alignleft size-large wp-image-2039\" src=\"http:\/\/wilhelm-stedler-grundschule.de\/wp-content\/uploads\/2023\/03\/93a8fe88-3679-4452-94f1-cea4da6957c3-1024x768.jpg\" alt=\"\" width=\"654\" height=\"491\" srcset=\"http:\/\/wilhelm-stedler-grundschule.de\/wp-content\/uploads\/2023\/03\/93a8fe88-3679-4452-94f1-cea4da6957c3-1024x768.jpg 1024w, http:\/\/wilhelm-stedler-grundschule.de\/wp-content\/uploads\/2023\/03\/93a8fe88-3679-4452-94f1-cea4da6957c3-300x225.jpg 300w, http:\/\/wilhelm-stedler-grundschule.de\/wp-content\/uploads\/2023\/03\/93a8fe88-3679-4452-94f1-cea4da6957c3-768x576.jpg 768w, http:\/\/wilhelm-stedler-grundschule.de\/wp-content\/uploads\/2023\/03\/93a8fe88-3679-4452-94f1-cea4da6957c3-1x1.jpg 1w, http:\/\/wilhelm-stedler-grundschule.de\/wp-content\/uploads\/2023\/03\/93a8fe88-3679-4452-94f1-cea4da6957c3.jpg 2016w\" sizes=\"(max-width: 654px) 100vw, 654px\" \/><\/a> <a href=\"http:\/\/wilhelm-stedler-grundschule.de\/wp-content\/uploads\/2023\/03\/3e1864ce-204f-4e8f-81e7-2a9d24e067df.jpg\"><img decoding=\"async\" loading=\"lazy\" class=\"alignleft size-large wp-image-2038\" src=\"http:\/\/wilhelm-stedler-grundschule.de\/wp-content\/uploads\/2023\/03\/3e1864ce-204f-4e8f-81e7-2a9d24e067df-1024x768.jpg\" alt=\"\" width=\"654\" height=\"491\" srcset=\"http:\/\/wilhelm-stedler-grundschule.de\/wp-content\/uploads\/2023\/03\/3e1864ce-204f-4e8f-81e7-2a9d24e067df-1024x768.jpg 1024w, http:\/\/wilhelm-stedler-grundschule.de\/wp-content\/uploads\/2023\/03\/3e1864ce-204f-4e8f-81e7-2a9d24e067df-300x225.jpg 300w, http:\/\/wilhelm-stedler-grundschule.de\/wp-content\/uploads\/2023\/03\/3e1864ce-204f-4e8f-81e7-2a9d24e067df-768x576.jpg 768w, http:\/\/wilhelm-stedler-grundschule.de\/wp-content\/uploads\/2023\/03\/3e1864ce-204f-4e8f-81e7-2a9d24e067df-1x1.jpg 1w, http:\/\/wilhelm-stedler-grundschule.de\/wp-content\/uploads\/2023\/03\/3e1864ce-204f-4e8f-81e7-2a9d24e067df.jpg 2016w\" sizes=\"(max-width: 654px) 100vw, 654px\" \/><\/a><\/p>\n","protected":false},"excerpt":{"rendered":"<p>Ostereiersuche Am letzten Donnerstag vor den Osterferien fand auch dieses Jahr auf dem Schulhof eine gro\u00dfe Ostereiersuche statt. Alle Kinder unserer Schule haben mitgemacht und hatten viel Spa\u00df dabei. Zu Beginn der 2. Stunde haben die Kinder des Sch\u00fclerrates \u00fcber 1000 Schokoladeneier versteckt. Es hat ihnen Spa\u00df gemacht, die anderen Kinder mit der Ostereiersuche zu&#8230;<\/p>\n","protected":false},"author":1,"featured_media":0,"parent":0,"menu_order":0,"comment_status":"closed","ping_status":"closed","template":"","meta":[],"_links":{"self":[{"href":"http:\/\/wilhelm-stedler-grundschule.de\/index.php?rest_route=\/wp\/v2\/pages\/861"}],"collection":[{"href":"http:\/\/wilhelm-stedler-grundschule.de\/index.php?rest_route=\/wp\/v2\/pages"}],"about":[{"href":"http:\/\/wilhelm-stedler-grundschule.de\/index.php?rest_route=\/wp\/v2\/types\/page"}],"author":[{"embeddable":true,"href":"http:\/\/wilhelm-stedler-grundschule.de\/index.php?rest_route=\/wp\/v2\/users\/1"}],"replies":[{"embeddable":true,"href":"http:\/\/wilhelm-stedler-grundschule.de\/index.php?rest_route=%2Fwp%2Fv2%2Fcomments&post=861"}],"version-history":[{"count":8,"href":"http:\/\/wilhelm-stedler-grundschule.de\/index.php?rest_route=\/wp\/v2\/pages\/861\/revisions"}],"predecessor-version":[{"id":2045,"href":"http:\/\/wilhelm-stedler-grundschule.de\/index.php?rest_route=\/wp\/v2\/pages\/861\/revisions\/2045"}],"wp:attachment":[{"href":"http:\/\/wilhelm-stedler-grundschule.de\/index.php?rest_route=%2Fwp%2Fv2%2Fmedia&parent=861"}],"curies":[{"name":"wp","href":"https:\/\/api.w.org\/{rel}","templated":true}]}}